{"id":7313,"date":"2025-02-06T08:57:23","date_gmt":"2025-02-06T08:57:23","guid":{"rendered":"https:\/\/acu.am\/?page_id=7313"},"modified":"2025-02-06T10:25:53","modified_gmt":"2025-02-06T10:25:53","slug":"%d5%b0%d5%b8%d5%be%d5%b0%d5%a1%d5%b6%d5%b6%d5%ab%d5%bd%d5%b5%d5%a1%d5%b6-%d5%a1%d6%80%d5%a1%d5%b4-%d5%bc%d5%b8%d5%a2%d5%a5%d6%80%d5%bf%d5%ab","status":"publish","type":"page","link":"https:\/\/acu.am\/?page_id=7313&lang=en","title":{"rendered":"HOVHANNISYAN ARAM"},"content":{"rendered":"\n\t<section class=\"section has-parallax\" id=\"section_734297089\">\n\t\t<div class=\"section-bg fill\" data-parallax-container=\".section\" data-parallax-background data-parallax=\"-3\">\n\t\t\t<img loading=\"lazy\" decoding=\"async\" width=\"1518\" height=\"853\" src=\"https:\/\/acu.am\/wp-content\/uploads\/2023\/07\/BG.jpg\" class=\"bg attachment- size-\" alt=\"\" \/>\t\t\t\t\t\t<div class=\"section-bg-overlay absolute fill\"><\/div>\n\t\t\t\n\n\t\t<\/div>\n\n\t\t\n\n\t\t<div class=\"section-content relative\">\n\t\t\t\n<div class=\"row\" style=\"max-width:1200px\" id=\"row-1520340587\">\n\n\t<div id=\"col-1499915356\" class=\"col medium-5 small-12 large-5\"  >\n\t\t\t\t<div class=\"col-inner\"  >\n\t\t\t\n\t\t\t\n\t<div id=\"gap-826398017\" class=\"gap-element clearfix\" style=\"display:block; height:auto;\">\n\t\t\n<style>\n#gap-826398017 {\n  padding-top: 0px;\n}\n@media (min-width:850px) {\n  #gap-826398017 {\n    padding-top: 30px;\n  }\n}\n<\/style>\n\t<\/div>\n\t\n\t\t<\/div>\n\t\t\t\t\t<\/div>\n\n\t\n\n\t<div id=\"col-2127997600\" class=\"col medium-12 small-12 large-7\"  >\n\t\t\t\t<div class=\"col-inner text-shadow-4\"  >\n\t\t\t\n\t\t\t\n\t<div id=\"gap-1935109927\" class=\"gap-element clearfix\" style=\"display:block; height:auto;\">\n\t\t\n<style>\n#gap-1935109927 {\n  padding-top: 30px;\n}\n<\/style>\n\t<\/div>\n\t\n\t<div id=\"text-2978238239\" class=\"text\">\n\t\t\n<h1 class=\"uppercase\"><strong>HOVHANNISYAN<\/strong><\/h1>\n<p class=\"tm6\"><strong><span class=\"tm7\">ARAM<\/span><\/strong><\/p>\n\t\t\n<style>\n#text-2978238239 {\n  font-size: 2.5rem;\n}\n@media (min-width:550px) {\n  #text-2978238239 {\n    font-size: 3rem;\n  }\n}\n<\/style>\n\t<\/div>\n\t\n\t\t<\/div>\n\t\t\t\t\n<style>\n#col-2127997600 > .col-inner {\n  padding: 0px 0px 0px 0;\n}\n@media (min-width:550px) {\n  #col-2127997600 > .col-inner {\n    padding: 0px 0px 0px 30px;\n  }\n}\n<\/style>\n\t<\/div>\n\n\t\n<\/div>\n\t\t<\/div>\n\n\t\t\n<style>\n#section_734297089 {\n  padding-top: 30px;\n  padding-bottom: 30px;\n  min-height: 300px;\n}\n#section_734297089 .section-bg-overlay {\n  background-color: rgba(87, 66, 35, 0.174);\n}\n#section_734297089 .section-bg img {\n  object-position: 67% 42%;\n}\n@media (min-width:550px) {\n  #section_734297089 {\n    min-height: 450px;\n  }\n}\n@media (min-width:850px) {\n  #section_734297089 {\n    min-height: 400px;\n  }\n}\n<\/style>\n\t<\/section>\n\t\n<div class=\"row\" style=\"max-width:1200px\" id=\"row-70201202\">\n\n\t<div id=\"col-1615224035\" class=\"col medium-12 small-12 large-5\"  >\n\t\t\t\t<div class=\"col-inner\"  >\n\t\t\t\n\t\t\t\n\n  <div class=\"banner has-hover bg-zoom-long\" id=\"banner-1901150454\">\n          <div class=\"banner-inner fill\">\n        <div class=\"banner-bg fill\" >\n            <img loading=\"lazy\" decoding=\"async\" width=\"1020\" height=\"1020\" src=\"https:\/\/acu.am\/wp-content\/uploads\/2024\/08\/08.15.1984-\u0531\u0580\u0561\u0574-\u0540\u0578\u057e\u0570\u0561\u0576\u0576\u056b\u057d\u0575\u0561\u0576-1-1024x1024.jpg\" class=\"bg attachment-large size-large\" alt=\"\" \/>                                    \n                    <\/div>\n\t\t\n        <div class=\"banner-layers container\">\n            <div class=\"fill banner-link\"><\/div>            \n        <\/div>\n      <\/div>\n\n            \n<style>\n#banner-1901150454 {\n  padding-top: 300px;\n  background-color: rgb(255, 255, 255);\n}\n#banner-1901150454 .banner-bg img {\n  object-position: 50% 0%;\n}\n@media (min-width:550px) {\n  #banner-1901150454 {\n    padding-top: 500px;\n  }\n}\n@media (min-width:850px) {\n  #banner-1901150454 {\n    padding-top: 500px;\n  }\n}\n<\/style>\n  <\/div>\n\n\n\t<div id=\"gap-175324095\" class=\"gap-element clearfix\" style=\"display:block; height:auto;\">\n\t\t\n<style>\n#gap-175324095 {\n  padding-top: 0px;\n}\n@media (min-width:850px) {\n  #gap-175324095 {\n    padding-top: 100px;\n  }\n}\n<\/style>\n\t<\/div>\n\t\n\t\t<\/div>\n\t\t\t\t\n<style>\n#col-1615224035 > .col-inner {\n  margin: -100px 0px 0px 0px;\n}\n@media (min-width:550px) {\n  #col-1615224035 > .col-inner {\n    margin: -150px 0px 0px 0px;\n  }\n}\n@media (min-width:850px) {\n  #col-1615224035 > .col-inner {\n    margin: -400px 0px 0px 0px;\n  }\n}\n<\/style>\n\t<\/div>\n\n\t\n\n\t<div id=\"col-1209162077\" class=\"col medium-11 small-12 large-7\"  >\n\t\t\t\t<div class=\"col-inner\"  >\n\t\t\t\n\t\t\t\n\t<div id=\"gap-1459550197\" class=\"gap-element clearfix\" style=\"display:block; height:auto;\">\n\t\t\n<style>\n#gap-1459550197 {\n  padding-top: 30px;\n}\n<\/style>\n\t<\/div>\n\t\n<p><strong>Composer<\/strong><\/p>\n<p><strong>Member of the Union of Composers of Armenia<\/strong><\/p>\n<p><strong>Born on 15\/08\/1984 in Yerevan<\/strong><\/p>\n<div class=\"social-icons follow-icons\" ><a href=\"https:\/\/www.facebook.com\/aram.hovhannisyan\" target=\"_blank\" data-label=\"Facebook\" class=\"icon button circle is-outline tooltip facebook\" title=\"Follow on Facebook\" aria-label=\"Follow on Facebook\" rel=\"noopener nofollow\"><i class=\"icon-facebook\" aria-hidden=\"true\"><\/i><\/a><a href=\"mailto:aram.r.hovhannisyan@gmail.com\" data-label=\"E-mail\" target=\"_blank\" class=\"icon button circle is-outline tooltip email\" title=\"Send us an email\" aria-label=\"Send us an email\" rel=\"nofollow noopener\"><i class=\"icon-envelop\" aria-hidden=\"true\"><\/i><\/a><a href=\"https:\/\/www.youtube.com\/@AramHovhannisyan\" data-label=\"YouTube\" target=\"_blank\" class=\"icon button circle is-outline tooltip youtube\" title=\"Follow on YouTube\" aria-label=\"Follow on YouTube\" rel=\"noopener nofollow\"><i class=\"icon-youtube\" aria-hidden=\"true\"><\/i><\/a><\/div>\n\t\t<\/div>\n\t\t\t\t\n<style>\n#col-1209162077 > .col-inner {\n  padding: 0px 0px 0px 0;\n}\n@media (min-width:550px) {\n  #col-1209162077 > .col-inner {\n    padding: 0px 0px 0px 30px;\n  }\n}\n<\/style>\n\t<\/div>\n\n\t\n<\/div>\n\n\t<section class=\"section\" id=\"section_488586612\">\n\t\t<div class=\"section-bg fill\" >\n\t\t\t\t\t\t\t\t\t\n\t\t\t\n\n\t\t<\/div>\n\n\t\t\n\n\t\t<div class=\"section-content relative\">\n\t\t\t\n<div class=\"container section-title-container\" ><h1 class=\"section-title section-title-center\"><b aria-hidden=\"true\"><\/b><span class=\"section-title-main\" >BIOGRAPHY<\/span><b aria-hidden=\"true\"><\/b><\/h1><\/div>\n<div class=\"row\" style=\"max-width:1200px\" id=\"row-1837588672\">\n\n\t<div id=\"col-1437898653\" class=\"col small-12 large-12\"  >\n\t\t\t\t<div class=\"col-inner\"  >\n\t\t\t\n\t\t\t\n<div class=\"accordion\">\n\t<div id=\"accordion-2008470170\" class=\"accordion-item\">\n\t\t<a id=\"accordion-2008470170-label\" class=\"accordion-title plain\" href=\"#accordion-item-education\" aria-expanded=\"false\" aria-controls=\"accordion-2008470170-content\">\n\t\t\t<button class=\"toggle\" aria-label=\"Toggle\"><i class=\"icon-angle-down\" aria-hidden=\"true\"><\/i><\/button>\n\t\t\t<span>EDUCATION<\/span>\n\t\t<\/a>\n\t\t<div id=\"accordion-2008470170-content\" class=\"accordion-inner\" aria-labelledby=\"accordion-2008470170-label\">\n\t\t\t\n<p>1999-2003 \u2013 composition and winds department at the Yerevan State Conservatory after Komitas (YSCK) (comp. prof. L. Chaushyan, wind prof. Y. Noninyan)<\/p>\n<p>2003-2008 &#8211; composition department of the Geneva School of Music (prof. M. Jarrel)<\/p>\n<p>2003-2004 &#8211; electro-acoustic music (prof. R. B\u00f6sch)<\/p>\n<p>2006-2008 &#8211; master classes from famous composers T. Mura (France) and P. Etvish (Hungary)<\/p>\n\t\t<\/div>\n\t<\/div>\n\t\n\t<div id=\"accordion-1369250225\" class=\"accordion-item\">\n\t\t<a id=\"accordion-1369250225-label\" class=\"accordion-title plain\" href=\"#accordion-item-activities\" aria-expanded=\"false\" aria-controls=\"accordion-1369250225-content\">\n\t\t\t<button class=\"toggle\" aria-label=\"Toggle\"><i class=\"icon-angle-down\" aria-hidden=\"true\"><\/i><\/button>\n\t\t\t<span>ACTIVITIES<\/span>\n\t\t<\/a>\n\t\t<div id=\"accordion-1369250225-content\" class=\"accordion-inner\" aria-labelledby=\"accordion-1369250225-label\">\n\t\t\t\n<p>2010 &#8211; concert dedicated to the 95th anniversary of the Armenian Genocide in Geneva (artistic director)<\/p>\n<p>2011 &#8211; Avetis Armenian-Swiss cultural organization in Geneva (committee member)<\/p>\n<p>2012 &#8211; \u201cA Lumine\u201d festival in Gyumri (co-author, artistic director)<\/p>\n<p>2012 &#8211; Cultural.am NGO in Yerevan (member of the management board)<\/p>\n<p>2013 &#8211; Intervention project in Yerevan (co-author)<\/p>\n<p>2013 &#8211; Yerevan-Tsaghkadzor&#8221; Three-Day Art Academy&#8221; (founder and artistic director)<\/p>\n<p>2014 &#8211; \u201cTag(h)ebuch\u201d international project in Hannover (artistic director)<\/p>\n<p>Since 2018 &#8211; vice-rector of YSCK<\/p>\n\t\t<\/div>\n\t<\/div>\n\t\n\t<div id=\"accordion-3433272518\" class=\"accordion-item\">\n\t\t<a id=\"accordion-3433272518-label\" class=\"accordion-title plain\" href=\"#accordion-item-works\" aria-expanded=\"false\" aria-controls=\"accordion-3433272518-content\">\n\t\t\t<button class=\"toggle\" aria-label=\"Toggle\"><i class=\"icon-angle-down\" aria-hidden=\"true\"><\/i><\/button>\n\t\t\t<span>WORKS<\/span>\n\t\t<\/a>\n\t\t<div id=\"accordion-3433272518-content\" class=\"accordion-inner\" aria-labelledby=\"accordion-3433272518-label\">\n\t\t\t\n<p>2001 &#8211; &#8220;Litania&#8221; for voice and ensemble<\/p>\n<p>2003\/2008 &#8211; Between dream and reality&#8221; for 5 soloists<\/p>\n<p>2003 &#8211; &#8220;Les deux visions de m\u00e9moire&#8221; for flute<\/p>\n<p>2004-2005 &#8211; &#8220;Cahier de Tristesse&#8221; 3 pieces for 4 soloists<\/p>\n<p>2004 &#8211; &#8220;&#8230;(piano) musique pour piano&#8221; for piano<\/p>\n<p>2005 &#8211; &#8220;Irae&#8221; for flute, bass-oboe, accordion and piano<\/p>\n<p>2006 &#8211; &#8220;Canticle&#8221; for voice (+ 3 gongs and 2 tam-tams) and amplified alto-flute<\/p>\n<p>2007 &#8211; &#8220;Cahier de Tristesse II&#8221; for orchestra<\/p>\n<p>2007 &#8211; &#8220;Cahier de Tristesse IIb&#8221; for 16 soloists<\/p>\n<p>2008 &#8211; &#8220;V\u00e9nus&#8221; for voice, oboe, cello and piano<\/p>\n<p>2008-2009 &#8211; &#8220;Litanies&#8221; for piano<\/p>\n<p>2009-2010 &#8211; &#8220;Epistoles&#8221; for voice, oboe, cello, piano and orchestra<\/p>\n<p>2009\/2011 &#8211; &#8220;Kl\u00e4nge der verw\u00fcsteten T\u00e4ler I&#8221; for alto flute and clarinet<\/p>\n<p>2010 &#8211; &#8220;Underground: Traces&#8221; for double bass<\/p>\n<p>2010 &#8211; &#8220;Lament&#8221; for solo viola, 2 voices and small ensemble<\/p>\n<p>2011 &#8211; &#8220;Kl\u00e4nge der verw\u00fcsteten T\u00e4ler II&#8221; for 9 soloists<\/p>\n<p>2011 &#8211; &#8220;Adona\u00efs&#8221; for 11 soloists<\/p>\n<p>2012 &#8211; &#8220;Morton&#8217;s farewell&#8221; for flute and harp<\/p>\n<p>2012 &#8211; &#8220;si&#8230;alors&#8230;&#8221; Klavierst\u00fcck I for piano<\/p>\n<p>2012 &#8211; &#8220;Drei instanzen&#8221; (by T. Chakhchakhyan) for voice and piano<\/p>\n<p>2012-2013 &#8211; &#8220;Conditio sine qua non. in dialogues with P.K.&#8221; For 6 soloists<\/p>\n<p>2013 &#8211; &#8220;Intus&#8221; for loupophone, cello, contraforte and piano<\/p>\n<p>2014 &#8211; &#8220;Tagh to Rainer&#8230;(in memoriam)&#8221; for 8 soloists<\/p>\n\t\t<\/div>\n\t<\/div>\n\t\n\t<div id=\"accordion-1833836793\" class=\"accordion-item\">\n\t\t<a id=\"accordion-1833836793-label\" class=\"accordion-title plain\" href=\"#accordion-item-international-orders\" aria-expanded=\"false\" aria-controls=\"accordion-1833836793-content\">\n\t\t\t<button class=\"toggle\" aria-label=\"Toggle\"><i class=\"icon-angle-down\" aria-hidden=\"true\"><\/i><\/button>\n\t\t\t<span>INTERNATIONAL ORDERS<\/span>\n\t\t<\/a>\n\t\t<div id=\"accordion-1833836793-content\" class=\"accordion-inner\" aria-labelledby=\"accordion-1833836793-label\">\n\t\t\t\n<p>2007 &#8211; Ensemble Laboratorium, Lucerne, Switzerland (&#8220;Cahier de Tristesse IIb&#8221;)<\/p>\n<p>2008 &#8211; Ensemble Aequaturor, Zurich, Switzerland (&#8220;V\u00e9nus&#8221;)<\/p>\n<p>2008 &#8211; ensemble XXI Jahrhundert, Vienna, Austria (&#8220;Between dream and reality&#8221;)<\/p>\n<p>2009 &#8211; Ensemble Aequatur, Zurich, Switzerland (&#8220;Epistles&#8221;)<\/p>\n<p>2010 &#8211; Armenia Foundation, Geneva, Switzerland (&#8220;Lament&#8221;)<\/p>\n<p>2011 &#8211; International Composer Pyramid, France\/England (&#8220;Adona\u00efs&#8221;)<\/p>\n<p>2011 &#8211; ensemble Nostri Temporis, Kyiv, Ukraine (&#8220;Kl\u00e4nge der verw\u00fcsteten T\u00e4ler I&#8221;)<\/p>\n<p>2012 &#8211; ensemble Proton, Bern, Switzerland (&#8220;Morton&#8217;s farewell&#8221;)<\/p>\n<p>2013 &#8211; ensemble Paul Klee, Bern, Switzerland (&#8220;Conditio sine qua non: en dialogues avec P.K.&#8221;)<\/p>\n<p>2013 &#8211; Ensemble Proton, Bern, Switzerland (&#8220;Intus&#8221;)<\/p>\n<p>2014 &#8211; ensemble Oktoplus (NDR), Hannover, Germany (&#8220;Tagh to Rainer&#8230;(in memoriam)&#8221;)<\/p>\n<p>2014 &#8211; ensemble Convergence, Georgia\/Armenia\/Switzerland (new composition)<\/p>\n<p>2014 &#8211; Dilijan Festival, Los Angeles, USA (new composition)<\/p>\n\t\t<\/div>\n\t<\/div>\n\t\n\t<div id=\"accordion-2948775604\" class=\"accordion-item\">\n\t\t<a id=\"accordion-2948775604-label\" class=\"accordion-title plain\" href=\"#accordion-item-titles\/awards\" aria-expanded=\"false\" aria-controls=\"accordion-2948775604-content\">\n\t\t\t<button class=\"toggle\" aria-label=\"Toggle\"><i class=\"icon-angle-down\" aria-hidden=\"true\"><\/i><\/button>\n\t\t\t<span>TITLES\/AWARDS<\/span>\n\t\t<\/a>\n\t\t<div id=\"accordion-2948775604-content\" class=\"accordion-inner\" aria-labelledby=\"accordion-2948775604-label\">\n\t\t\t\n<p>1998 &#8211; &#8220;Amadeus&#8221; young composers competition in Yerevan (1st prize)<\/p>\n<p>2003 &#8211; Yerevan &#8220;A. Khachatryan-100&#8221; competition of young composers (1st prize)<\/p>\n<p>2003 &#8211; Yerevan &#8220;B. Britten-90&#8221; competition of young composers (1st prize)<\/p>\n<p>2005 &#8211; 1st International Pre-Art Composers&#8217; Competition in Zurich (1st prize)<\/p>\n<p>2011 &#8211; &#8220;Kiefer-Hablitzel&#8221; artist competition in Bern (top prize)<\/p>\n<p>2011 &#8211; The &#8220;Fl\u00fcchtwege&#8221; international composers&#8217; competition in Bern (1st prize)<\/p>\n<p>2011 &#8211; &#8220;International Composer Pyramid&#8221; in Lille (within 10 composers)<\/p>\n<p>2013 &#8211; Protonwerk #3&#8243; project (within 5 composers)<\/p>\n\t\t<\/div>\n\t<\/div>\n\t\n<\/div>\n\t\t<\/div>\n\t\t\t\t\t<\/div>\n\n\t\n<\/div>\n\t<div id=\"gap-1853055247\" class=\"gap-element clearfix\" style=\"display:block; height:auto;\">\n\t\t\n<style>\n#gap-1853055247 {\n  padding-top: 30px;\n}\n<\/style>\n\t<\/div>\n\t\n\t\t<\/div>\n\n\t\t\n<style>\n#section_488586612 {\n  padding-top: 80px;\n  padding-bottom: 80px;\n}\n<\/style>\n\t<\/section>\n\t\n\n\t<section class=\"section dark\" id=\"section_1685131266\">\n\t\t<div class=\"section-bg fill\" >\n\t\t\t\t\t\t\t\t\t\n\t\t\t\n\n\t\t<\/div>\n\n\t\t\n\n\t\t<div class=\"section-content relative\">\n\t\t\t\n<div class=\"row\"  id=\"row-2059444971\">\n\n\t<div id=\"col-1089112072\" class=\"col small-12 large-12\"  >\n\t\t\t\t<div class=\"col-inner\"  >\n\t\t\t\n\t\t\t\n<h3 class=\"accordion_title\">PORTFOLIO<\/h3><div class=\"accordion\">\n\t<div id=\"accordion-3972856476\" class=\"accordion-item\">\n\t\t<a id=\"accordion-3972856476-label\" class=\"accordion-title plain\" href=\"#accordion-item-photo-gallery\" aria-expanded=\"false\" aria-controls=\"accordion-3972856476-content\">\n\t\t\t<button class=\"toggle\" aria-label=\"Toggle\"><i class=\"icon-angle-down\" aria-hidden=\"true\"><\/i><\/button>\n\t\t\t<span>PHOTO GALLERY<\/span>\n\t\t<\/a>\n\t\t<div id=\"accordion-3972856476-content\" class=\"accordion-inner\" aria-labelledby=\"accordion-3972856476-label\">\n\t\t\t\n<div class=\"row\"  id=\"row-255513094\">\n\n\t<div id=\"col-1575585510\" class=\"col small-12 large-12\"  >\n\t\t\t\t<div class=\"col-inner\"  >\n\t\t\t\n\t\t\t\n<div class=\"row\"  id=\"row-139102168\">\n\n\t<div id=\"col-744313900\" class=\"col medium-3 small-6 large-3\"  >\n\t\t\t\t<div class=\"col-inner\"  >\n\t\t\t\n\t\t\t\n\t<div class=\"img has-hover x md-x lg-x y md-y lg-y\" id=\"image_1341688778\">\n\t\t<a class=\"image-lightbox lightbox-gallery\" title=\"\" href=\"https:\/\/acu.am\/wp-content\/uploads\/2024\/09\/08.15.1984-\u0531\u0580\u0561\u0574-\u0540\u0578\u057e\u0570\u0561\u0576\u0576\u056b\u057d\u0575\u0561\u05762.jpg\">\t\t\t\t\t\t<div class=\"img-inner dark\" >\n\t\t\t<img loading=\"lazy\" decoding=\"async\" width=\"960\" height=\"640\" src=\"https:\/\/acu.am\/wp-content\/uploads\/2024\/09\/08.15.1984-\u0531\u0580\u0561\u0574-\u0540\u0578\u057e\u0570\u0561\u0576\u0576\u056b\u057d\u0575\u0561\u05762.jpg\" class=\"attachment-large size-large\" alt=\"\" srcset=\"https:\/\/acu.am\/wp-content\/uploads\/2024\/09\/08.15.1984-\u0531\u0580\u0561\u0574-\u0540\u0578\u057e\u0570\u0561\u0576\u0576\u056b\u057d\u0575\u0561\u05762.jpg 960w, https:\/\/acu.am\/wp-content\/uploads\/2024\/09\/08.15.1984-\u0531\u0580\u0561\u0574-\u0540\u0578\u057e\u0570\u0561\u0576\u0576\u056b\u057d\u0575\u0561\u05762-300x200.jpg 300w, https:\/\/acu.am\/wp-content\/uploads\/2024\/09\/08.15.1984-\u0531\u0580\u0561\u0574-\u0540\u0578\u057e\u0570\u0561\u0576\u0576\u056b\u057d\u0575\u0561\u05762-768x512.jpg 768w, https:\/\/acu.am\/wp-content\/uploads\/2024\/09\/08.15.1984-\u0531\u0580\u0561\u0574-\u0540\u0578\u057e\u0570\u0561\u0576\u0576\u056b\u057d\u0575\u0561\u05762-600x400.jpg 600w\" sizes=\"auto, (max-width: 960px) 100vw, 960px\" \/>\t\t\t\t\t\t\n\t\t\t\t\t<\/div>\n\t\t\t\t\t\t<\/a>\t\t\n<style>\n#image_1341688778 {\n  width: 100%;\n}\n<\/style>\n\t<\/div>\n\t\n\t\t<\/div>\n\t\t\t\t\t<\/div>\n\n\t\n\n\t<div id=\"col-91763847\" class=\"col medium-3 small-6 large-3\"  >\n\t\t\t\t<div class=\"col-inner\"  >\n\t\t\t\n\t\t\t\n\t\t<\/div>\n\t\t\t\t\t<\/div>\n\n\t\n\n\t<div id=\"col-705380296\" class=\"col medium-3 small-6 large-3\"  >\n\t\t\t\t<div class=\"col-inner\"  >\n\t\t\t\n\t\t\t\n\t\t<\/div>\n\t\t\t\t\t<\/div>\n\n\t\n\n\t<div id=\"col-534747156\" class=\"col medium-3 small-6 large-3\"  >\n\t\t\t\t<div class=\"col-inner\"  >\n\t\t\t\n\t\t\t\n\t\t<\/div>\n\t\t\t\t\t<\/div>\n\n\t\n<\/div>\n\t\t<\/div>\n\t\t\t\t\t<\/div>\n\n\t\n<\/div>\n\t\t<\/div>\n\t<\/div>\n\t\n\t<div id=\"accordion-3884348301\" class=\"accordion-item\">\n\t\t<a id=\"accordion-3884348301-label\" class=\"accordion-title plain\" href=\"#accordion-item-video-gallery\" aria-expanded=\"false\" aria-controls=\"accordion-3884348301-content\">\n\t\t\t<button class=\"toggle\" aria-label=\"Toggle\"><i class=\"icon-angle-down\" aria-hidden=\"true\"><\/i><\/button>\n\t\t\t<span>VIDEO GALLERY<\/span>\n\t\t<\/a>\n\t\t<div id=\"accordion-3884348301-content\" class=\"accordion-inner\" aria-labelledby=\"accordion-3884348301-label\">\n\t\t\t\n<div class=\"row\"  id=\"row-234804098\">\n\n\t<div id=\"col-559335150\" class=\"col medium-3 small-6 large-3\"  >\n\t\t\t\t<div class=\"col-inner\"  >\n\t\t\t\n\t\t\t\n<div class=\"video video-fit mb\" style=\"padding-top:56.25%;\"><p><iframe loading=\"lazy\" title=\"Aram Hovhannisyan - Synopsis \/ Ensemble Assonance\" width=\"1020\" height=\"574\" src=\"https:\/\/www.youtube.com\/embed\/tbn0tQSw4X4?feature=oembed\" frameborder=\"0\" allow=\"accelerometer; autoplay; clipboard-write; encrypted-media; gyroscope; picture-in-picture; web-share\" referrerpolicy=\"strict-origin-when-cross-origin\" allowfullscreen><\/iframe><\/p>\n<\/div>\n\t\t<\/div>\n\t\t\t\t\t<\/div>\n\n\t\n\n\t<div id=\"col-2072999162\" class=\"col medium-3 small-6 large-3\"  >\n\t\t\t\t<div class=\"col-inner\"  >\n\t\t\t\n\t\t\t\n<div class=\"video video-fit mb\" style=\"padding-top:56.25%;\"><p><iframe loading=\"lazy\" title=\"Aram Hovhannisyan - &quot;Inter[re]actions&quot; for violin, cello and piano \/ CROSSROADS 2022\" width=\"1020\" height=\"574\" src=\"https:\/\/www.youtube.com\/embed\/_6kWqi95DD4?feature=oembed\" frameborder=\"0\" allow=\"accelerometer; autoplay; clipboard-write; encrypted-media; gyroscope; picture-in-picture; web-share\" referrerpolicy=\"strict-origin-when-cross-origin\" allowfullscreen><\/iframe><\/p>\n<\/div>\n\t\t<\/div>\n\t\t\t\t\t<\/div>\n\n\t\n\n\t<div id=\"col-1190545340\" class=\"col medium-3 small-6 large-3\"  >\n\t\t\t\t<div class=\"col-inner\"  >\n\t\t\t\n\t\t\t\n<div class=\"video video-fit mb\" style=\"padding-top:56.25%;\"><p><iframe loading=\"lazy\" title=\"Aram Hovhannisyan - Pachyan Fragments (2015) - World Premiere\" width=\"1020\" height=\"574\" src=\"https:\/\/www.youtube.com\/embed\/2dQhQQ7AUMo?feature=oembed\" frameborder=\"0\" allow=\"accelerometer; autoplay; clipboard-write; encrypted-media; gyroscope; picture-in-picture; web-share\" referrerpolicy=\"strict-origin-when-cross-origin\" allowfullscreen><\/iframe><\/p>\n<\/div>\n\t\t<\/div>\n\t\t\t\t\t<\/div>\n\n\t\n\n\t<div id=\"col-65358986\" class=\"col medium-3 small-6 large-3\"  >\n\t\t\t\t<div class=\"col-inner\"  >\n\t\t\t\n\t\t\t\n<div class=\"video video-fit mb\" style=\"padding-top:56.25%;\"><p><iframe loading=\"lazy\" title=\"Aram Hovhannisyan: Adona\u00efs (2011) for 11 performers\" width=\"1020\" height=\"574\" src=\"https:\/\/www.youtube.com\/embed\/o87o-xcoQuA?feature=oembed\" frameborder=\"0\" allow=\"accelerometer; autoplay; clipboard-write; encrypted-media; gyroscope; picture-in-picture; web-share\" referrerpolicy=\"strict-origin-when-cross-origin\" allowfullscreen><\/iframe><\/p>\n<\/div>\n\t\t<\/div>\n\t\t\t\t\t<\/div>\n\n\t\n<\/div>\n\t\t<\/div>\n\t<\/div>\n\t\n<\/div>\n\t\t<\/div>\n\t\t\t\t\t<\/div>\n\n\t\n<\/div>\n\t\t<\/div>\n\n\t\t\n<style>\n#section_1685131266 {\n  padding-top: 30px;\n  padding-bottom: 30px;\n  background-color: rgb(40, 40, 40);\n}\n<\/style>\n\t<\/section>\n\t\n\n\t<section class=\"section dark\" id=\"section_1014835583\">\n\t\t<div class=\"section-bg fill\" >\n\t\t\t\t\t\t\t\t\t\n\t\t\t\n\n\t\t<\/div>\n\n\t\t\n\n\t\t<div class=\"section-content relative\">\n\t\t\t\n\t<div id=\"gap-876394370\" class=\"gap-element clearfix\" style=\"display:block; height:auto;\">\n\t\t\n<style>\n#gap-876394370 {\n  padding-top: 30px;\n}\n<\/style>\n\t<\/div>\n\t\n\t\t<\/div>\n\n\t\t\n<style>\n#section_1014835583 {\n  padding-top: 30px;\n  padding-bottom: 30px;\n  background-color: rgb(39, 54, 71);\n}\n<\/style>\n\t<\/section>\n\t\n","protected":false},"excerpt":{"rendered":"","protected":false},"author":4,"featured_media":3519,"parent":7290,"menu_order":0,"comment_status":"closed","ping_status":"closed","template":"page-blank.php","meta":{"h5ap_radio_sources":[],"footnotes":""},"class_list":["post-7313","page","type-page","status-publish","has-post-thumbnail","hentry"],"_links":{"self":[{"href":"https:\/\/acu.am\/index.php?rest_route=\/wp\/v2\/pages\/7313","targetHints":{"allow":["GET"]}}],"collection":[{"href":"https:\/\/acu.am\/index.php?rest_route=\/wp\/v2\/pages"}],"about":[{"href":"https:\/\/acu.am\/index.php?rest_route=\/wp\/v2\/types\/page"}],"author":[{"embeddable":true,"href":"https:\/\/acu.am\/index.php?rest_route=\/wp\/v2\/users\/4"}],"replies":[{"embeddable":true,"href":"https:\/\/acu.am\/index.php?rest_route=%2Fwp%2Fv2%2Fcomments&post=7313"}],"version-history":[{"count":12,"href":"https:\/\/acu.am\/index.php?rest_route=\/wp\/v2\/pages\/7313\/revisions"}],"predecessor-version":[{"id":7411,"href":"https:\/\/acu.am\/index.php?rest_route=\/wp\/v2\/pages\/7313\/revisions\/7411"}],"up":[{"embeddable":true,"href":"https:\/\/acu.am\/index.php?rest_route=\/wp\/v2\/pages\/7290"}],"wp:featuredmedia":[{"embeddable":true,"href":"https:\/\/acu.am\/index.php?rest_route=\/wp\/v2\/media\/3519"}],"wp:attachment":[{"href":"https:\/\/acu.am\/index.php?rest_route=%2Fwp%2Fv2%2Fmedia&parent=7313"}],"curies":[{"name":"wp","href":"https:\/\/api.w.org\/{rel}","templated":true}]}}