{"id":13070,"date":"2025-04-25T11:16:29","date_gmt":"2025-04-25T11:16:29","guid":{"rendered":"https:\/\/acu.am\/?page_id=13070"},"modified":"2025-04-25T11:36:02","modified_gmt":"2025-04-25T11:36:02","slug":"vardumyan-arpi","status":"publish","type":"page","link":"https:\/\/acu.am\/?page_id=13070&lang=en","title":{"rendered":"VARDUMYAN ARPI"},"content":{"rendered":"\n\t<section class=\"section has-parallax\" id=\"section_1278999883\">\n\t\t<div class=\"section-bg fill\" data-parallax-container=\".section\" data-parallax-background data-parallax=\"-3\">\n\t\t\t<img loading=\"lazy\" decoding=\"async\" width=\"1518\" height=\"853\" src=\"https:\/\/acu.am\/wp-content\/uploads\/2023\/07\/BG.jpg\" class=\"bg attachment- size-\" alt=\"\" \/>\t\t\t\t\t\t<div class=\"section-bg-overlay absolute fill\"><\/div>\n\t\t\t\n\n\t\t<\/div>\n\n\t\t\n\n\t\t<div class=\"section-content relative\">\n\t\t\t\n<div class=\"row\" style=\"max-width:1200px\" id=\"row-82643213\">\n\n\t<div id=\"col-1688270755\" class=\"col medium-5 small-12 large-5\"  >\n\t\t\t\t<div class=\"col-inner\"  >\n\t\t\t\n\t\t\t\n\t<div id=\"gap-339885289\" class=\"gap-element clearfix\" style=\"display:block; height:auto;\">\n\t\t\n<style>\n#gap-339885289 {\n  padding-top: 0px;\n}\n@media (min-width:850px) {\n  #gap-339885289 {\n    padding-top: 30px;\n  }\n}\n<\/style>\n\t<\/div>\n\t\n\t\t<\/div>\n\t\t\t\t\t<\/div>\n\n\t\n\n\t<div id=\"col-1791511693\" class=\"col medium-12 small-12 large-7\"  >\n\t\t\t\t<div class=\"col-inner text-shadow-4\"  >\n\t\t\t\n\t\t\t\n\t<div id=\"gap-1611653151\" class=\"gap-element clearfix\" style=\"display:block; height:auto;\">\n\t\t\n<style>\n#gap-1611653151 {\n  padding-top: 30px;\n}\n<\/style>\n\t<\/div>\n\t\n\t<div id=\"text-3579577893\" class=\"text\">\n\t\t\n<h1 class=\"uppercase\">VARDUMYAN<\/h1>\n<p><strong>ARPI<\/strong><\/p>\n\t\t\n<style>\n#text-3579577893 {\n  font-size: 2.5rem;\n}\n@media (min-width:550px) {\n  #text-3579577893 {\n    font-size: 3rem;\n  }\n}\n<\/style>\n\t<\/div>\n\t\n\t\t<\/div>\n\t\t\t\t\n<style>\n#col-1791511693 > .col-inner {\n  padding: 0px 0px 0px 0;\n}\n@media (min-width:550px) {\n  #col-1791511693 > .col-inner {\n    padding: 0px 0px 0px 30px;\n  }\n}\n<\/style>\n\t<\/div>\n\n\t\n<\/div>\n\t\t<\/div>\n\n\t\t\n<style>\n#section_1278999883 {\n  padding-top: 30px;\n  padding-bottom: 30px;\n  min-height: 300px;\n}\n#section_1278999883 .section-bg-overlay {\n  background-color: rgba(87, 66, 35, 0.174);\n}\n#section_1278999883 .section-bg img {\n  object-position: 67% 42%;\n}\n@media (min-width:550px) {\n  #section_1278999883 {\n    min-height: 450px;\n  }\n}\n@media (min-width:850px) {\n  #section_1278999883 {\n    min-height: 400px;\n  }\n}\n<\/style>\n\t<\/section>\n\t\n<div class=\"row\" style=\"max-width:1200px\" id=\"row-1162553254\">\n\n\t<div id=\"col-2087417878\" class=\"col medium-12 small-12 large-5\"  >\n\t\t\t\t<div class=\"col-inner\"  >\n\t\t\t\n\t\t\t\n\n  <div class=\"banner has-hover bg-zoom-long\" id=\"banner-1952957779\">\n          <div class=\"banner-inner fill\">\n        <div class=\"banner-bg fill\" >\n            <img loading=\"lazy\" decoding=\"async\" width=\"574\" height=\"577\" src=\"https:\/\/acu.am\/wp-content\/uploads\/2024\/08\/05.11.1948-\u0531\u0580\u0583\u056b-\u054e\u0561\u0580\u0564\u0578\u0582\u0574\u0575\u0561\u0576.jpg\" class=\"bg attachment-large size-large\" alt=\"\" \/>                                    \n                    <\/div>\n\t\t\n        <div class=\"banner-layers container\">\n            <div class=\"fill banner-link\"><\/div>            \n        <\/div>\n      <\/div>\n\n            \n<style>\n#banner-1952957779 {\n  padding-top: 300px;\n  background-color: rgb(255, 255, 255);\n}\n#banner-1952957779 .banner-bg img {\n  object-position: 100% 100%;\n}\n@media (min-width:550px) {\n  #banner-1952957779 {\n    padding-top: 500px;\n  }\n}\n@media (min-width:850px) {\n  #banner-1952957779 {\n    padding-top: 500px;\n  }\n}\n<\/style>\n  <\/div>\n\n\n\t<div id=\"gap-1841193125\" class=\"gap-element clearfix\" style=\"display:block; height:auto;\">\n\t\t\n<style>\n#gap-1841193125 {\n  padding-top: 0px;\n}\n@media (min-width:850px) {\n  #gap-1841193125 {\n    padding-top: 100px;\n  }\n}\n<\/style>\n\t<\/div>\n\t\n\t\t<\/div>\n\t\t\t\t\n<style>\n#col-2087417878 > .col-inner {\n  margin: -100px 0px 0px 0px;\n}\n@media (min-width:550px) {\n  #col-2087417878 > .col-inner {\n    margin: -150px 0px 0px 0px;\n  }\n}\n@media (min-width:850px) {\n  #col-2087417878 > .col-inner {\n    margin: -400px 0px 0px 0px;\n  }\n}\n<\/style>\n\t<\/div>\n\n\t\n\n\t<div id=\"col-845223265\" class=\"col medium-11 small-12 large-7\"  >\n\t\t\t\t<div class=\"col-inner\"  >\n\t\t\t\n\t\t\t\n\t<div id=\"gap-236241965\" class=\"gap-element clearfix\" style=\"display:block; height:auto;\">\n\t\t\n<style>\n#gap-236241965 {\n  padding-top: 30px;\n}\n<\/style>\n\t<\/div>\n\t\n<p><strong>Musicologist<\/strong><\/p>\n<p><strong>Member of the Composers Union of Armenia<\/strong><\/p>\n<p><strong>Born on 11\/05\/1948 in Yerevan<\/strong><\/p>\n<div class=\"social-icons follow-icons\" ><a href=\"https:\/\/www.facebook.com\/arpivard\" target=\"_blank\" data-label=\"Facebook\" class=\"icon button circle is-outline tooltip facebook\" title=\"Follow on Facebook\" aria-label=\"Follow on Facebook\" rel=\"noopener nofollow\"><i class=\"icon-facebook\" aria-hidden=\"true\"><\/i><\/a><a href=\"mailto:arpivard@yahoo.com\" data-label=\"E-mail\" target=\"_blank\" class=\"icon button circle is-outline tooltip email\" title=\"Send us an email\" aria-label=\"Send us an email\" rel=\"nofollow noopener\"><i class=\"icon-envelop\" aria-hidden=\"true\"><\/i><\/a><\/div>\n\t\t<\/div>\n\t\t\t\t\n<style>\n#col-845223265 > .col-inner {\n  padding: 0px 0px 0px 0;\n}\n@media (min-width:550px) {\n  #col-845223265 > .col-inner {\n    padding: 0px 0px 0px 30px;\n  }\n}\n<\/style>\n\t<\/div>\n\n\t\n<\/div>\n\n\t<section class=\"section\" id=\"section_437480456\">\n\t\t<div class=\"section-bg fill\" >\n\t\t\t\t\t\t\t\t\t\n\t\t\t\n\n\t\t<\/div>\n\n\t\t\n\n\t\t<div class=\"section-content relative\">\n\t\t\t\n<div class=\"container section-title-container\" ><h1 class=\"section-title section-title-center\"><b aria-hidden=\"true\"><\/b><span class=\"section-title-main\" >BIOGRAPHY<\/span><b aria-hidden=\"true\"><\/b><\/h1><\/div>\n<div class=\"row\" style=\"max-width:1200px\" id=\"row-536983203\">\n\n\t<div id=\"col-14462205\" class=\"col small-12 large-12\"  >\n\t\t\t\t<div class=\"col-inner\"  >\n\t\t\t\n\t\t\t\n<div class=\"accordion\">\n\t<div id=\"accordion-2160851834\" class=\"accordion-item\">\n\t\t<a id=\"accordion-2160851834-label\" class=\"accordion-title plain\" href=\"#accordion-item-education\" aria-expanded=\"false\" aria-controls=\"accordion-2160851834-content\">\n\t\t\t<button class=\"toggle\" aria-label=\"Toggle\"><i class=\"icon-angle-down\" aria-hidden=\"true\"><\/i><\/button>\n\t\t\t<span>EDUCATION<\/span>\n\t\t<\/a>\n\t\t<div id=\"accordion-2160851834-content\" class=\"accordion-inner\" aria-labelledby=\"accordion-2160851834-label\">\n\t\t\t\n<p>Piano department at the Yerevan Sarajev and Sayat-Nova music schools<\/p>\n<p>Theoretical department of the P. I. Tchaikovsky Music School<\/p>\n<p>1967-1972 \u2013 department music theory at the Yerevan State Conservatory after Komitas (YSCK)<\/p>\n\t\t<\/div>\n\t<\/div>\n\t\n\t<div id=\"accordion-103928027\" class=\"accordion-item\">\n\t\t<a id=\"accordion-103928027-label\" class=\"accordion-title plain\" href=\"#accordion-item-activities\" aria-expanded=\"false\" aria-controls=\"accordion-103928027-content\">\n\t\t\t<button class=\"toggle\" aria-label=\"Toggle\"><i class=\"icon-angle-down\" aria-hidden=\"true\"><\/i><\/button>\n\t\t\t<span>ACTIVITIES<\/span>\n\t\t<\/a>\n\t\t<div id=\"accordion-103928027-content\" class=\"accordion-inner\" aria-labelledby=\"accordion-103928027-label\">\n\t\t\t\n<p>Since 1974 &#8211; researcher at the \u201cMatenadaran\u201d after M. Mashtots in Yerevan<\/p>\n\t\t<\/div>\n\t<\/div>\n\t\n\t<div id=\"accordion-3954596630\" class=\"accordion-item\">\n\t\t<a id=\"accordion-3954596630-label\" class=\"accordion-title plain\" href=\"#accordion-item-works\" aria-expanded=\"false\" aria-controls=\"accordion-3954596630-content\">\n\t\t\t<button class=\"toggle\" aria-label=\"Toggle\"><i class=\"icon-angle-down\" aria-hidden=\"true\"><\/i><\/button>\n\t\t\t<span>WORKS<\/span>\n\t\t<\/a>\n\t\t<div id=\"accordion-3954596630-content\" class=\"accordion-inner\" aria-labelledby=\"accordion-3954596630-label\">\n\t\t\t\n<p style=\"text-align: justify;\">The activities of medieval Armenian composers, the late medieval schools of Armenian spiritual singing, the musical heritage of the Mkhitaryan Order, the circumstances related to the creation of the New Armenian recording, as well as some questions related to the musical heritage of Reverend Komitas, concepts of music therapy based on medieval Armenian manuscripts.<\/p>\n<p style=\"text-align: justify;\">Musicological articles about the Yerevan concerts were published in &#8220;Voice of the Motherland&#8221;, &#8220;Literary Newspaper&#8221;, &#8220;Avangard&#8221;, &#8220;Hayastani Hanrapetutyun&#8221;, &#8220;Yerekoyan Yerevan&#8221;, &#8220;Azg&#8221;, &#8220;Zartonk&#8221;, &#8220;Shoghakn&#8221;, &#8220;Christian Armenia&#8221;, &#8220;Arvest&#8221;. &#8220;, &#8220;Musical Armenia&#8221;, &#8220;Look from Yerevan&#8221;, &#8220;Azdarar India&#8221; magazines and newspapers in armenian, english, russian, french and spanish languages.<\/p>\n<p style=\"text-align: justify;\">Active contribution to the enrichment of L. Zakaryan&#8217;s spiritual repertoire, transferring many hymns and verses from the registers of spiritual songs recorded in the New Armenian recording system stored in Matenadaran to European notes at the request of Kh. Palyan. And in the last few years, close cooperation with the singer A. Mayilyan (as scientific advisor, co-author and editor of CD texts).<\/p>\n\t\t<\/div>\n\t<\/div>\n\t\n\t<div id=\"accordion-1265160588\" class=\"accordion-item\">\n\t\t<a id=\"accordion-1265160588-label\" class=\"accordion-title plain\" href=\"#accordion-item-published-works\" aria-expanded=\"false\" aria-controls=\"accordion-1265160588-content\">\n\t\t\t<button class=\"toggle\" aria-label=\"Toggle\"><i class=\"icon-angle-down\" aria-hidden=\"true\"><\/i><\/button>\n\t\t\t<span>PUBLISHED WORKS<\/span>\n\t\t<\/a>\n\t\t<div id=\"accordion-1265160588-content\" class=\"accordion-inner\" aria-labelledby=\"accordion-1265160588-label\">\n\t\t\t\n<p>1981 &#8211; &#8220;Minas the Physician and the New Armenian Recording&#8221;, Historical-Philological Journal (PBU), \u2116 3<\/p>\n<p>1983 &#8211; &#8220;M. B\u017e\u0161kean et la notation musicale Arm\u00e9nienne modern&#8221;, Revue des Etudes Arm\u00e9nienne (REA), vol. XVII, Paris<\/p>\n<p>1994 &#8211; &#8220;Manuscript of the &#8220;Matean Musicality&#8221; of the Vienna Library as a late medieval musicological-translational work&#8221;, Banber Matenadaran (BM), vol. 16<\/p>\n<p>1999 &#8211; &#8220;The Contribution of Komitas Vardapet to the Study of Kurdish Music&#8221;, Yerevan<\/p>\n<p>1997 &#8211; &#8220;H. Minas Medikian, Music. (work: A. Kerovbeani), Yerevan, 1997&#8221; book review<\/p>\n<p>1997 \u2013 M. Bzhshkian. Music, A Brief Overview of the Musical Theory of Modulations and Khaz Notations, 1815. Ed. by A. Kerovpyan. Yerevan, &#8220;Girk&#8221;, Journal of the Society for Armenian Studies, Vol. 13, 2003-2004 (review)<\/p>\n<p>Since 2000 \u2013 Arcicles and report covering the musical activities of M. Sebastatsi, the Armenological journal &#8220;Bazmavep&#8221;<\/p>\n<p>2001 &#8211; &#8220;Mkhitar Sebastsi as the founder of the musical tradition of the Mkhitarian Congregation&#8221;, &#8220;Bazmavep&#8221;<\/p>\n<p>2002 &#8211; &#8220;Berlin exhibition of Reverend Komitas&#8221;, &#8220;Bazmavep&#8221;<\/p>\n<p>2003 &#8211; &#8220;Grigor Narekatsi&#8217;s musical legacy&#8221;, &#8220;Bazmavep&#8221;<\/p>\n<p>2004 &#8211; &#8220;New styles of Grigor Narekatsi&#8217;s poems&#8221;, &#8220;Bazmavep&#8221;<\/p>\n<p>2007 &#8211; &#8220;The Venice school of late medieval music according to Rev. Father Gh. Taiyan&#8217;s Recording Series&#8221;<\/p>\n<p>2007 &#8211; &#8220;Perceptions of music therapy among Armenians&#8221;, &#8220;Bazmavep&#8221;<\/p>\n<p>2009 &#8211; &#8220;H. Limonjian (Life and Work, 1768-1839)&#8221;, &#8220;Bazmavep&#8221;<\/p>\n<p>2010 &#8211; &#8220;The musical activity of Father I. Kyureghian&#8221;, &#8220;Bazmavep&#8221;<\/p>\n<p>2012 &#8211; &#8220;Armenian medieval manuscripts on music therapy (reviews)&#8221;<\/p>\n<p>2013 &#8211; &#8220;H. Bakhchinian, The Literary Path of Sharakan (5th-14th Centuries)&#8221;<\/p>\n<p>2015 &#8211; &#8220;Astrology and music appeals in medieval Armenia&#8221;. The connection of astronomy with other sciences, culture and society: a collection of materials of the 13<sup>th<\/sup> annual conference of the Armenian Astronomical Society, Byurakan<\/p>\n\t\t<\/div>\n\t<\/div>\n\t\n\t<div id=\"accordion-2562343365\" class=\"accordion-item\">\n\t\t<a id=\"accordion-2562343365-label\" class=\"accordion-title plain\" href=\"#accordion-item-international-conferences\" aria-expanded=\"false\" aria-controls=\"accordion-2562343365-content\">\n\t\t\t<button class=\"toggle\" aria-label=\"Toggle\"><i class=\"icon-angle-down\" aria-hidden=\"true\"><\/i><\/button>\n\t\t\t<span>INTERNATIONAL CONFERENCES<\/span>\n\t\t<\/a>\n\t\t<div id=\"accordion-2562343365-content\" class=\"accordion-inner\" aria-labelledby=\"accordion-2562343365-label\">\n\t\t\t\n<p>1986 &#8211; &#8220;Recordings of S. Partev&#8217;s 3 Hymns&#8221;, (Matenadaran, International Conference of Armenian Medieval Literature), Yerevan<\/p>\n<p>1986 &#8211; &#8220;To the question of musical and literary analysis of Sharakans&#8221;, (Problems of genesis and specifics of early forms of musical culture), Dilijan<\/p>\n<p>1998 &#8211; &#8220;The Late Medieval Constantinople School of Armenian Church Singing&#8221;, (Armenia and the Christian East), Yerevan<\/p>\n<p>1998 &#8211; &#8220;Music therapy in Armenian medieval manuscripts&#8221;, (Musical culture at the dawn of the XXI century), Yerevan<\/p>\n<p>1999 &#8211; &#8220;Reflections on Music Therapy&#8221;, (First All-Armenian Conference on Music Therapy), Yerevan<\/p>\n<p>1999 &#8211; &#8220;The Bible and the Sermons Collection of Armenian Spiritual Singing&#8221;, Oshakan, the text of which was published in its entirety in the book &#8220;Biblical Armenia&#8221;, Yerevan<\/p>\n<p>2001 &#8211; &#8220;The Armenian and Byzantine Church Music in Constantinople&#8221;, (20<sup>th<\/sup> International Congress of Byzantine Studies), Paris<\/p>\n<p>2001 &#8211; &#8220;Christian Armenia as a Crossroad of Civilization&#8221;, International Academic Conference, Yerevan<\/p>\n<p>2002 &#8211; &#8220;New Armenian system of wireless notopisi&#8221;, Saint-Petersburg<\/p>\n<p>2002 &#8211; &#8220;On the question of the combination of Armenian and Byzantine canons&#8221;, (Musical canonical traditions of the Christian world), Yerevan<\/p>\n<p>2002 &#8211; &#8220;Music therapy as a method of treatment with art&#8221;, Tbilisi<\/p>\n<p>2003 &#8211; &#8220;The main late medieval schools of Armenian spiritual singing&#8221;, (Armenology Today and Prospects for its development, International Conference on Armenology), Yerevan<\/p>\n<p>2003 &#8211; &#8220;M. Sebastasi as the founder of the musical tradition of the Congregation of Mkhitarist in Venice&#8221;, and &#8220;Experience of comparing Armenian and Byzantine church hymns&#8221;, St. Petersburg<\/p>\n<p>2005 &#8211; &#8220;M. Mashtots and S. The Musical Heritage of Sahak Partev&#8221;, (International Conference on the Invention of Armenian Writing), Stepanakert<\/p>\n<p>2006 &#8211; &#8220;Music-Therapy in Medieval Armenia&#8221;, (21st International Congress of Byzantine Studies), London<\/p>\n<p>2007 &#8211; &#8220;The musical heritage of Armenian songwriters Catholicos&#8221;, (Scientific session of Matenadaran), Yerevan<\/p>\n<p>2010 &#8211; &#8220;The Musical Culture of Kutahia&#8217;s Armenian Community (The Armenian Communities of Asia Minor), UCLA in 2010, published in 2014.<\/p>\n<p>2013 &#8211; Armenian History and Culture Series, Historic Armenian Cities and Provinces, Volume 13&#8243;, Los Angeles<\/p>\n<p>2014 &#8211; &#8220;Musical culture of Kyotahia Armenians (according to a unique collection of turkish songs with Armenian texts written by Komitas) published in &#8220;Armenian Folk Culture XVI. Traditional and modern in Armenian culture&#8221;, Yerevan<\/p>\n<p>2013 &#8211; &#8220;Music-Therapy in Medieval Armenian Manuscripts&#8221;, (World Psychiatric Association, Thematic Conference &#8220;Mental Health and Mental Illness: Focusing on Eurasia&#8221;, International Conference), Yerevan, 2013 (the proceedings were published in the &#8220;Armenian Journal of Mental Health&#8221; of the Armenian Psychiatric Association) (Armenian Journal of Mental Health, Volume 4, Supplement 1)<\/p>\n<p>2015 &#8211; &#8220;The cooperation of Komitas and Tigran Chitun in the arena of Van-Vaspurakan&#8217;s song collection&#8221;. A report read at the international conference &#8220;Van self-defense &#8211; 100&#8221; (Yerevan, 2015), published in &#8220;The musical culture of Cilician Armenia. Shronali Foundation, Yerevan<\/p>\n\t\t<\/div>\n\t<\/div>\n\t\n\t<div id=\"accordion-1241448515\" class=\"accordion-item\">\n\t\t<a id=\"accordion-1241448515-label\" class=\"accordion-title plain\" href=\"#accordion-item-conferences-in-oshakan\" aria-expanded=\"false\" aria-controls=\"accordion-1241448515-content\">\n\t\t\t<button class=\"toggle\" aria-label=\"Toggle\"><i class=\"icon-angle-down\" aria-hidden=\"true\"><\/i><\/button>\n\t\t\t<span>CONFERENCES IN OSHAKAN<\/span>\n\t\t<\/a>\n\t\t<div id=\"accordion-1241448515-content\" class=\"accordion-inner\" aria-labelledby=\"accordion-1241448515-label\">\n\t\t\t\n<p>1999 &#8211; &#8220;The musical legacy of S. Parthev&#8221;, Oshakan<\/p>\n<p>2000 &#8211; &#8220;The musical heritage of historical father Movses Khorenatsi&#8221;<\/p>\n<p>2001 &#8211; &#8220;The musical legacy of H. Mandakuni&#8221;<\/p>\n<p>2002 &#8211; &#8220;The musical legacy of Hovhan Odznets&#8221;<\/p>\n<p>2003 &#8211; &#8220;From M. Mashtots to St. Grigor Narekatsi&#8221;<\/p>\n<p>2004 &#8211; &#8220;Newly discovered pages of Grigor Narekatsi&#8217;s musical heritage&#8221;<\/p>\n<p>2005 &#8211; &#8220;The musical legacy of Mesrop Mashtots&#8221; (dedicated to the 1600th anniversary of the invention of armenian writing and translation of the Bible)<\/p>\n<p>2006 &#8211; &#8220;Armenian spiritual singing as a cornerstone of the Armenian Church and a factor of strengthening statehood&#8221;<\/p>\n\t\t<\/div>\n\t<\/div>\n\t\n\t<div id=\"accordion-2523589470\" class=\"accordion-item\">\n\t\t<a id=\"accordion-2523589470-label\" class=\"accordion-title plain\" href=\"#accordion-item-titles\/awards\" aria-expanded=\"false\" aria-controls=\"accordion-2523589470-content\">\n\t\t\t<button class=\"toggle\" aria-label=\"Toggle\"><i class=\"icon-angle-down\" aria-hidden=\"true\"><\/i><\/button>\n\t\t\t<span>TITLES\/AWARDS<\/span>\n\t\t<\/a>\n\t\t<div id=\"accordion-2523589470-content\" class=\"accordion-inner\" aria-labelledby=\"accordion-2523589470-label\">\n\t\t\t\n<p>Member of the Assosation of Byzantinology of Armenia<\/p>\n\t\t<\/div>\n\t<\/div>\n\t\n<\/div>\n\t\t<\/div>\n\t\t\t\t\t<\/div>\n\n\t\n<\/div>\n\t<div id=\"gap-863508927\" class=\"gap-element clearfix\" style=\"display:block; height:auto;\">\n\t\t\n<style>\n#gap-863508927 {\n  padding-top: 30px;\n}\n<\/style>\n\t<\/div>\n\t\n\t\t<\/div>\n\n\t\t\n<style>\n#section_437480456 {\n  padding-top: 80px;\n  padding-bottom: 80px;\n}\n<\/style>\n\t<\/section>\n\t\n\n\t<section class=\"section dark\" id=\"section_1097114133\">\n\t\t<div class=\"section-bg fill\" >\n\t\t\t\t\t\t\t\t\t\n\t\t\t\n\n\t\t<\/div>\n\n\t\t\n\n\t\t<div class=\"section-content relative\">\n\t\t\t\n<div class=\"row\"  id=\"row-822254432\">\n\n\t<div id=\"col-1934864063\" class=\"col small-12 large-12\"  >\n\t\t\t\t<div class=\"col-inner\"  >\n\t\t\t\n\t\t\t\n<h3 class=\"accordion_title\">PORTFOLIO<\/h3><div class=\"accordion\">\n\t<div id=\"accordion-3257162900\" class=\"accordion-item\">\n\t\t<a id=\"accordion-3257162900-label\" class=\"accordion-title plain\" href=\"#accordion-item-photo-gallery\" aria-expanded=\"false\" aria-controls=\"accordion-3257162900-content\">\n\t\t\t<button class=\"toggle\" aria-label=\"Toggle\"><i class=\"icon-angle-down\" aria-hidden=\"true\"><\/i><\/button>\n\t\t\t<span>PHOTO GALLERY<\/span>\n\t\t<\/a>\n\t\t<div id=\"accordion-3257162900-content\" class=\"accordion-inner\" aria-labelledby=\"accordion-3257162900-label\">\n\t\t\t\n<div class=\"row\"  id=\"row-1919266838\">\n\n\t<div id=\"col-1385194458\" class=\"col small-12 large-12\"  >\n\t\t\t\t<div class=\"col-inner\"  >\n\t\t\t\n\t\t\t\n<div class=\"row\"  id=\"row-307394387\">\n\n\t<div id=\"col-1245153551\" class=\"col medium-3 small-6 large-3\"  >\n\t\t\t\t<div class=\"col-inner\"  >\n\t\t\t\n\t\t\t\n\t<div class=\"img has-hover x md-x lg-x y md-y lg-y\" id=\"image_1602944304\">\n\t\t<a class=\"image-lightbox lightbox-gallery\" title=\"\" href=\"https:\/\/acu.am\/wp-content\/uploads\/2024\/10\/05.11.1948-\u0531\u0580\u0583\u056b-\u054e\u0561\u0580\u0564\u0578\u0582\u0574\u0575\u0561\u05762-1024x656.jpg\">\t\t\t\t\t\t<div class=\"img-inner dark\" >\n\t\t\t<img loading=\"lazy\" decoding=\"async\" width=\"1020\" height=\"653\" src=\"https:\/\/acu.am\/wp-content\/uploads\/2024\/10\/05.11.1948-\u0531\u0580\u0583\u056b-\u054e\u0561\u0580\u0564\u0578\u0582\u0574\u0575\u0561\u05762-1024x656.jpg\" class=\"attachment-large size-large\" alt=\"\" srcset=\"https:\/\/acu.am\/wp-content\/uploads\/2024\/10\/05.11.1948-\u0531\u0580\u0583\u056b-\u054e\u0561\u0580\u0564\u0578\u0582\u0574\u0575\u0561\u05762-1024x656.jpg 1024w, https:\/\/acu.am\/wp-content\/uploads\/2024\/10\/05.11.1948-\u0531\u0580\u0583\u056b-\u054e\u0561\u0580\u0564\u0578\u0582\u0574\u0575\u0561\u05762-300x192.jpg 300w, https:\/\/acu.am\/wp-content\/uploads\/2024\/10\/05.11.1948-\u0531\u0580\u0583\u056b-\u054e\u0561\u0580\u0564\u0578\u0582\u0574\u0575\u0561\u05762-768x492.jpg 768w, https:\/\/acu.am\/wp-content\/uploads\/2024\/10\/05.11.1948-\u0531\u0580\u0583\u056b-\u054e\u0561\u0580\u0564\u0578\u0582\u0574\u0575\u0561\u05762-600x385.jpg 600w, https:\/\/acu.am\/wp-content\/uploads\/2024\/10\/05.11.1948-\u0531\u0580\u0583\u056b-\u054e\u0561\u0580\u0564\u0578\u0582\u0574\u0575\u0561\u05762.jpg 1473w\" sizes=\"auto, (max-width: 1020px) 100vw, 1020px\" \/>\t\t\t\t\t\t\n\t\t\t\t\t<\/div>\n\t\t\t\t\t\t<\/a>\t\t\n<style>\n#image_1602944304 {\n  width: 100%;\n}\n<\/style>\n\t<\/div>\n\t\n\t\t<\/div>\n\t\t\t\t\t<\/div>\n\n\t\n\n\t<div id=\"col-864375198\" class=\"col medium-3 small-6 large-3\"  >\n\t\t\t\t<div class=\"col-inner\"  >\n\t\t\t\n\t\t\t\n\t\t<\/div>\n\t\t\t\t\t<\/div>\n\n\t\n\n\t<div id=\"col-1839401180\" class=\"col medium-3 small-6 large-3\"  >\n\t\t\t\t<div class=\"col-inner\"  >\n\t\t\t\n\t\t\t\n\t\t<\/div>\n\t\t\t\t\t<\/div>\n\n\t\n\n\t<div id=\"col-1542716955\" class=\"col medium-3 small-6 large-3\"  >\n\t\t\t\t<div class=\"col-inner\"  >\n\t\t\t\n\t\t\t\n\t\t<\/div>\n\t\t\t\t\t<\/div>\n\n\t\n<\/div>\n\t\t<\/div>\n\t\t\t\t\t<\/div>\n\n\t\n<\/div>\n\t\t<\/div>\n\t<\/div>\n\t\n<\/div>\n\t\t<\/div>\n\t\t\t\t\t<\/div>\n\n\t\n<\/div>\n\t\t<\/div>\n\n\t\t\n<style>\n#section_1097114133 {\n  padding-top: 30px;\n  padding-bottom: 30px;\n  background-color: rgb(40, 40, 40);\n}\n<\/style>\n\t<\/section>\n\t\n\n\t<section class=\"section dark\" id=\"section_1091341647\">\n\t\t<div class=\"section-bg fill\" >\n\t\t\t\t\t\t\t\t\t\n\t\t\t\n\n\t\t<\/div>\n\n\t\t\n\n\t\t<div class=\"section-content relative\">\n\t\t\t\n\t<div id=\"gap-159238616\" class=\"gap-element clearfix\" style=\"display:block; height:auto;\">\n\t\t\n<style>\n#gap-159238616 {\n  padding-top: 30px;\n}\n<\/style>\n\t<\/div>\n\t\n\t\t<\/div>\n\n\t\t\n<style>\n#section_1091341647 {\n  padding-top: 30px;\n  padding-bottom: 30px;\n  background-color: rgb(39, 54, 71);\n}\n<\/style>\n\t<\/section>\n\t\n","protected":false},"excerpt":{"rendered":"","protected":false},"author":4,"featured_media":3843,"parent":7280,"menu_order":0,"comment_status":"closed","ping_status":"closed","template":"page-blank.php","meta":{"h5ap_radio_sources":[],"footnotes":""},"class_list":["post-13070","page","type-page","status-publish","has-post-thumbnail","hentry"],"_links":{"self":[{"href":"https:\/\/acu.am\/index.php?rest_route=\/wp\/v2\/pages\/13070","targetHints":{"allow":["GET"]}}],"collection":[{"href":"https:\/\/acu.am\/index.php?rest_route=\/wp\/v2\/pages"}],"about":[{"href":"https:\/\/acu.am\/index.php?rest_route=\/wp\/v2\/types\/page"}],"author":[{"embeddable":true,"href":"https:\/\/acu.am\/index.php?rest_route=\/wp\/v2\/users\/4"}],"replies":[{"embeddable":true,"href":"https:\/\/acu.am\/index.php?rest_route=%2Fwp%2Fv2%2Fcomments&post=13070"}],"version-history":[{"count":12,"href":"https:\/\/acu.am\/index.php?rest_route=\/wp\/v2\/pages\/13070\/revisions"}],"predecessor-version":[{"id":13082,"href":"https:\/\/acu.am\/index.php?rest_route=\/wp\/v2\/pages\/13070\/revisions\/13082"}],"up":[{"embeddable":true,"href":"https:\/\/acu.am\/index.php?rest_route=\/wp\/v2\/pages\/7280"}],"wp:featuredmedia":[{"embeddable":true,"href":"https:\/\/acu.am\/index.php?rest_route=\/wp\/v2\/media\/3843"}],"wp:attachment":[{"href":"https:\/\/acu.am\/index.php?rest_route=%2Fwp%2Fv2%2Fmedia&parent=13070"}],"curies":[{"name":"wp","href":"https:\/\/api.w.org\/{rel}","templated":true}]}}